{"id":97,"date":"2022-10-27T13:57:59","date_gmt":"2022-10-27T11:57:59","guid":{"rendered":"https:\/\/catedrapensamientocritico.umh.es\/?page_id=97"},"modified":"2022-10-27T14:06:52","modified_gmt":"2022-10-27T12:06:52","slug":"torneo-preuniversitario-organizado-en-la-umh","status":"publish","type":"page","link":"https:\/\/catedrapensamientocritico.umh.es\/ca\/torneo-preuniversitario-organizado-en-la-umh\/","title":{"rendered":"<span lang=\"es\">(Espa\u00f1ol) Torneo preuniversitario organizado por la C\u00e1tedra de Pensamiento Cr\u00edtico en la UMH<\/span>"},"content":{"rendered":"<p class=\"qtranxs-available-languages-message qtranxs-available-languages-message-ca\">Ho sentim, aquesta entrada es troba disponible \u00fanicament en <a href=\"https:\/\/catedrapensamientocritico.umh.es\/es\/wp-json\/wp\/v2\/pages\/97\" class=\"qtranxs-available-language-link qtranxs-available-language-link-es\" title=\"Espa\u00f1ol\">Espanyol Europeu<\/a>.<\/p>","protected":false},"excerpt":{"rendered":"<p>Ho sentim, aquesta entrada es troba disponible \u00fanicament en Espanyol Europeu.<\/p>\n","protected":false},"author":143,"featured_media":0,"parent":0,"menu_order":0,"comment_status":"closed","ping_status":"closed","template":"","meta":{"_links_to":"","_links_to_target":""},"_links":{"self":[{"href":"https:\/\/catedrapensamientocritico.umh.es\/ca\/wp-json\/wp\/v2\/pages\/97"}],"collection":[{"href":"https:\/\/catedrapensamientocritico.umh.es\/ca\/wp-json\/wp\/v2\/pages"}],"about":[{"href":"https:\/\/catedrapensamientocritico.umh.es\/ca\/wp-json\/wp\/v2\/types\/page"}],"author":[{"embeddable":true,"href":"https:\/\/catedrapensamientocritico.umh.es\/ca\/wp-json\/wp\/v2\/users\/143"}],"replies":[{"embeddable":true,"href":"https:\/\/catedrapensamientocritico.umh.es\/ca\/wp-json\/wp\/v2\/comments?post=97"}],"version-history":[{"count":0,"href":"https:\/\/catedrapensamientocritico.umh.es\/ca\/wp-json\/wp\/v2\/pages\/97\/revisions"}],"wp:attachment":[{"href":"https:\/\/catedrapensamientocritico.umh.es\/ca\/wp-json\/wp\/v2\/media?parent=97"}],"curies":[{"name":"wp","href":"https:\/\/api.w.org\/{rel}","templated":true}]}}